{"id":29,"date":"2023-07-25T05:26:20","date_gmt":"2023-07-25T05:26:20","guid":{"rendered":"https:\/\/kosmetikpraxis-rinteln.de\/?page_id=29"},"modified":"2023-10-19T14:30:23","modified_gmt":"2023-10-19T14:30:23","slug":"nailldesign","status":"publish","type":"page","link":"https:\/\/cosmeda-cosmetics.de\/index.php\/nailldesign\/","title":{"rendered":"Nailldesign"},"content":{"rendered":"<p>[et_pb_section fb_built=&#8221;1&#8243; fullwidth=&#8221;on&#8221; _builder_version=&#8221;4.19.4&#8243; _module_preset=&#8221;default&#8221; global_colors_info=&#8221;{}&#8221;][et_pb_fullwidth_slider _builder_version=&#8221;4.21.0&#8243; _module_preset=&#8221;default&#8221; custom_padding=&#8221;228px||228px||true|&#8221; global_colors_info=&#8221;{}&#8221;][et_pb_slide heading=&#8221;Nailldesign&#8221; use_text_overlay=&#8221;on&#8221; text_overlay_color=&#8221;rgba(247,247,248,0.8)&#8221; _builder_version=&#8221;4.21.0&#8243; _module_preset=&#8221;default&#8221; header_font=&#8221;Lato|700||on|||||&#8221; header_text_color=&#8221;#000000&#8243; header_font_size=&#8221;34px&#8221; header_letter_spacing=&#8221;2px&#8221; header_line_height=&#8221;1.2em&#8221; background_enable_color=&#8221;off&#8221; background_image=&#8221;https:\/\/cosmeda-cosmetics.de\/wp-content\/uploads\/2023\/07\/Beige-Elegant-Nail-Design-Brand-Logo-1500-\u00d7-700px.jpg&#8221; background_enable_image=&#8221;on&#8221; background_position=&#8221;bottom_right&#8221; header_font_size_tablet=&#8221;34px&#8221; header_font_size_phone=&#8221;22px&#8221; header_font_size_last_edited=&#8221;on|phone&#8221; global_colors_info=&#8221;{}&#8221; sticky_transition=&#8221;on&#8221;][\/et_pb_slide][\/et_pb_fullwidth_slider][\/et_pb_section][et_pb_section fb_built=&#8221;1&#8243; admin_label=&#8221;About&#8221; _builder_version=&#8221;4.21.0&#8243; _module_preset=&#8221;default&#8221; background_color=&#8221;#f7f7f8&#8243; overflow-x=&#8221;hidden&#8221; overflow-y=&#8221;hidden&#8221; custom_padding=&#8221;68px||68px||true|&#8221; locked=&#8221;off&#8221; global_colors_info=&#8221;{}&#8221;][et_pb_row column_structure=&#8221;1_2,1_2&#8243; _builder_version=&#8221;4.21.0&#8243; _module_preset=&#8221;default&#8221; width=&#8221;88%&#8221; width_tablet=&#8221;88%&#8221; width_phone=&#8221;101%&#8221; width_last_edited=&#8221;on|phone&#8221; max_width=&#8221;1410px&#8221; max_width_tablet=&#8221;1410px&#8221; max_width_phone=&#8221;2560%&#8221; max_width_last_edited=&#8221;on|phone&#8221; module_alignment_tablet=&#8221;&#8221; module_alignment_phone=&#8221;left&#8221; module_alignment_last_edited=&#8221;on|phone&#8221; global_colors_info=&#8221;{}&#8221;][et_pb_column type=&#8221;1_2&#8243; _builder_version=&#8221;4.21.0&#8243; _module_preset=&#8221;default&#8221; custom_padding=&#8221;19px||19px|81px|true|false&#8221; custom_padding_tablet=&#8221;19px||19px|81px|true|false&#8221; custom_padding_phone=&#8221;|56px||56px|true|true&#8221; custom_padding_last_edited=&#8221;on|phone&#8221; global_colors_info=&#8221;{}&#8221;][et_pb_text _builder_version=&#8221;4.21.0&#8243; _module_preset=&#8221;default&#8221; header_font=&#8221;Lato|600||on|||||&#8221; header_text_color=&#8221;#dfc083&#8243; header_font_size=&#8221;36px&#8221; header_letter_spacing=&#8221;1px&#8221; header_line_height=&#8221;1.5em&#8221; header_3_font=&#8221;Lato||||||||&#8221; custom_margin=&#8221;4px|||||&#8221; header_text_align_tablet=&#8221;&#8221; header_text_align_phone=&#8221;center&#8221; header_text_align_last_edited=&#8221;on|desktop&#8221; header_font_size_tablet=&#8221;40px&#8221; header_font_size_phone=&#8221;24px&#8221; header_font_size_last_edited=&#8221;on|phone&#8221; locked=&#8221;off&#8221; global_colors_info=&#8221;{}&#8221; header_2_2_font_size_tablet=&#8221;34px&#8221; header_3_2_font_size_tablet=&#8221;34px&#8221; header_4_2_font_size_tablet=&#8221;34px&#8221; header_5_2_font_size_tablet=&#8221;34px&#8221; header_6_2_font_size_tablet=&#8221;34px&#8221; header_2_2_font_size_phone=&#8221;22px&#8221; header_3_2_font_size_phone=&#8221;22px&#8221; header_4_2_font_size_phone=&#8221;22px&#8221; header_5_2_font_size_phone=&#8221;22px&#8221; header_6_2_font_size_phone=&#8221;22px&#8221; header_2_2_font_size_last_edited=&#8221;on|phone&#8221; header_3_2_font_size_last_edited=&#8221;on|phone&#8221; header_4_2_font_size_last_edited=&#8221;on|phone&#8221; header_5_2_font_size_last_edited=&#8221;on|phone&#8221; header_6_2_font_size_last_edited=&#8221;on|phone&#8221;]<\/p>\n<h1>Nailldesign<\/h1>\n<p>[\/et_pb_text][et_pb_text _builder_version=&#8221;4.21.0&#8243; _module_preset=&#8221;default&#8221; text_font=&#8221;Montserrat|500|||||||&#8221; text_text_color=&#8221;#000000&#8243; text_font_size=&#8221;17px&#8221; text_line_height=&#8221;1.8em&#8221; ul_font_size=&#8221;17px&#8221; ul_letter_spacing=&#8221;1px&#8221; ul_line_height=&#8221;2.5em&#8221; text_orientation=&#8221;justified&#8221; custom_margin=&#8221;-10px||13px|||&#8221; text_font_size_tablet=&#8221;18px&#8221; text_font_size_phone=&#8221;13px&#8221; text_font_size_last_edited=&#8221;on|desktop&#8221; text_orientation_tablet=&#8221;justified&#8221; text_orientation_phone=&#8221;left&#8221; text_orientation_last_edited=&#8221;on|phone&#8221; locked=&#8221;off&#8221; global_colors_info=&#8221;{}&#8221;]<\/p>\n<div class=\"elementor-element elementor-element-14db14f0 elementor-widget elementor-widget-text-editor\" data-id=\"14db14f0\" data-element_type=\"widget\" data-widget_type=\"text-editor.default\">\n<div class=\"elementor-widget-container\">\n<ul class=\"aux-icon-list-items aux-direction-default\">\n<li class=\"aux-icon-list-item aux-list-item-has-connector aux-list-item-has-icon aux-icon-list-item-b89c2cd elementor-repeater-item-b89c2cd\"><span class=\"aux-icon-list-text\">MANIK\u00dcRE MIT LACK. <\/span><strong><span class=\"aux-icon-list-text2\">29,50\u20ac<\/span><\/strong><\/li>\n<li class=\"aux-icon-list-item aux-list-item-has-connector aux-list-item-has-icon aux-icon-list-item-afdd75d elementor-repeater-item-afdd75d\"><span class=\"aux-icon-list-text\">MANIK\u00dcRE DELUXE\u00a0 <\/span><strong><span class=\"aux-icon-list-text2\">35\u20ac<\/span><\/strong><\/li>\n<li class=\"aux-icon-list-item aux-list-item-has-connector aux-list-item-has-icon aux-icon-list-item-fb5f5cd elementor-repeater-item-fb5f5cd\"><span class=\"aux-icon-list-text\">GEL MANIK\u00dcRE. <\/span><strong><span class=\"aux-icon-list-text2\">49\u20ac<\/span><\/strong><\/li>\n<li class=\"aux-icon-list-item aux-list-item-has-connector aux-list-item-has-icon aux-icon-list-item-431c0ed elementor-repeater-item-431c0ed\"><span class=\"aux-icon-list-text\">FRENCH NAILS. <\/span><strong><span class=\"aux-icon-list-text2\">49\u20ac<\/span><\/strong><\/li>\n<li class=\"aux-icon-list-item aux-list-item-has-connector aux-list-item-has-icon aux-icon-list-item-ab31afc elementor-repeater-item-ab31afc\"><span class=\"aux-icon-list-text\">NAILDESIGN\u00a0 MIT VERL\u00c4NGERUNG. <\/span><strong><span class=\"aux-icon-list-text2\">59\u20ac<\/span><\/strong><\/li>\n<\/ul>\n<\/div>\n<\/div>\n<p><quillbot-extension-portal><\/quillbot-extension-portal><\/p>\n<p>[\/et_pb_text][et_pb_button button_url=&#8221;https:\/\/wa.me\/+491724466401&#8243; url_new_window=&#8221;on&#8221; button_text=&#8221;Jetzt Termin buchen&#8221; _builder_version=&#8221;4.22.0&#8243; _module_preset=&#8221;default&#8221; custom_button=&#8221;on&#8221; button_text_size=&#8221;12px&#8221; button_text_color=&#8221;#000000&#8243; button_bg_color=&#8221;#dfc083&#8243; button_border_width=&#8221;0px&#8221; button_border_radius=&#8221;0px&#8221; button_letter_spacing=&#8221;2px&#8221; button_font=&#8221;Lato|900||on|||||&#8221; button_use_icon=&#8221;off&#8221; custom_padding=&#8221;20px|30px|20px|30px|true|true&#8221; hover_enabled=&#8221;0&#8243; button_text_size_tablet=&#8221;12px&#8221; button_text_size_phone=&#8221;11px&#8221; button_text_size_last_edited=&#8221;on|phone&#8221; global_colors_info=&#8221;{}&#8221; sticky_enabled=&#8221;0&#8243;][\/et_pb_button][\/et_pb_column][et_pb_column type=&#8221;1_2&#8243; _builder_version=&#8221;4.16&#8243; _module_preset=&#8221;default&#8221; global_colors_info=&#8221;{}&#8221;][et_pb_image src=&#8221;https:\/\/cosmeda-cosmetics.de\/wp-content\/uploads\/2023\/07\/Blue-Modern-Insurance-Instagram-Post-700-\u00d7-700px-600-\u00d7-500px-500-\u00d7-500px-1100-\u00d7-800px.jpg&#8221; title_text=&#8221;Blue Modern Insurance Instagram Post (700 \u00d7 700px) (600 \u00d7 500px) (500 \u00d7 500px) (1100 \u00d7 800px)&#8221; _builder_version=&#8221;4.21.0&#8243; _module_preset=&#8221;default&#8221; global_colors_info=&#8221;{}&#8221;][\/et_pb_image][\/et_pb_column][\/et_pb_row][\/et_pb_section][et_pb_section fb_built=&#8221;1&#8243; _builder_version=&#8221;4.19.4&#8243; _module_preset=&#8221;default&#8221; custom_padding=&#8221;0px||5px|||&#8221; global_colors_info=&#8221;{}&#8221;][et_pb_row column_structure=&#8221;1_4,1_4,1_4,1_4&#8243; use_custom_gutter=&#8221;on&#8221; gutter_width=&#8221;1&#8243; _builder_version=&#8221;4.19.4&#8243; _module_preset=&#8221;default&#8221; width=&#8221;100%&#8221; max_width=&#8221;2543px&#8221; custom_margin=&#8221;|auto|-5px|auto||&#8221; custom_padding=&#8221;5px||3px|||&#8221; global_colors_info=&#8221;{}&#8221;][et_pb_column type=&#8221;1_4&#8243; _builder_version=&#8221;4.19.4&#8243; _module_preset=&#8221;default&#8221; global_colors_info=&#8221;{}&#8221;][et_pb_image src=&#8221;https:\/\/cosmeda-cosmetics.de\/wp-content\/uploads\/2023\/07\/Blue-Modern-Insurance-Instagram-Post-700-\u00d7-700px-600-\u00d7-500px-500-\u00d7-500px-3.jpg&#8221; title_text=&#8221;Blue Modern Insurance Instagram Post (700 \u00d7 700px) (600 \u00d7 500px) (500 \u00d7 500px) (3)&#8221; _builder_version=&#8221;4.21.0&#8243; _module_preset=&#8221;default&#8221; global_colors_info=&#8221;{}&#8221;][\/et_pb_image][\/et_pb_column][et_pb_column type=&#8221;1_4&#8243; _builder_version=&#8221;4.19.4&#8243; _module_preset=&#8221;default&#8221; global_colors_info=&#8221;{}&#8221;][et_pb_image src=&#8221;https:\/\/cosmeda-cosmetics.de\/wp-content\/uploads\/2023\/07\/Blue-Modern-Insurance-Instagram-Post-700-\u00d7-700px-600-\u00d7-500px-500-\u00d7-500px-4.jpg&#8221; title_text=&#8221;Blue Modern Insurance Instagram Post (700 \u00d7 700px) (600 \u00d7 500px) (500 \u00d7 500px) (4)&#8221; _builder_version=&#8221;4.21.0&#8243; _module_preset=&#8221;default&#8221; global_colors_info=&#8221;{}&#8221;][\/et_pb_image][\/et_pb_column][et_pb_column type=&#8221;1_4&#8243; _builder_version=&#8221;4.19.4&#8243; _module_preset=&#8221;default&#8221; global_colors_info=&#8221;{}&#8221;][et_pb_image src=&#8221;https:\/\/cosmeda-cosmetics.de\/wp-content\/uploads\/2023\/07\/Blue-Modern-Insurance-Instagram-Post-700-\u00d7-700px-600-\u00d7-500px-500-\u00d7-500px-2.jpg&#8221; title_text=&#8221;Blue Modern Insurance Instagram Post (700 \u00d7 700px) (600 \u00d7 500px) (500 \u00d7 500px) (2)&#8221; _builder_version=&#8221;4.21.0&#8243; _module_preset=&#8221;default&#8221; global_colors_info=&#8221;{}&#8221;][\/et_pb_image][\/et_pb_column][et_pb_column type=&#8221;1_4&#8243; _builder_version=&#8221;4.19.4&#8243; _module_preset=&#8221;default&#8221; global_colors_info=&#8221;{}&#8221;][et_pb_image src=&#8221;https:\/\/cosmeda-cosmetics.de\/wp-content\/uploads\/2023\/07\/Blue-Modern-Insurance-Instagram-Post-700-\u00d7-700px-600-\u00d7-500px-500-\u00d7-500px-6.jpg&#8221; title_text=&#8221;Blue Modern Insurance Instagram Post (700 \u00d7 700px) (600 \u00d7 500px) (500 \u00d7 500px) (6)&#8221; _builder_version=&#8221;4.21.0&#8243; _module_preset=&#8221;default&#8221; global_colors_info=&#8221;{}&#8221;][\/et_pb_image][\/et_pb_column][\/et_pb_row][\/et_pb_section]<\/p>\n","protected":false},"excerpt":{"rendered":"<p>Nailldesign MANIK\u00dcRE MIT LACK. 29,50\u20ac MANIK\u00dcRE DELUXE\u00a0 35\u20ac GEL MANIK\u00dcRE. 49\u20ac FRENCH NAILS. 49\u20ac NAILDESIGN\u00a0 MIT VERL\u00c4NGERUNG. 59\u20ac<\/p>\n","protected":false},"author":1,"featured_media":0,"parent":0,"menu_order":0,"comment_status":"closed","ping_status":"closed","template":"","meta":{"_et_pb_use_builder":"on","_et_pb_old_content":"","_et_gb_content_width":"","footnotes":""},"class_list":["post-29","page","type-page","status-publish","hentry"],"_links":{"self":[{"href":"https:\/\/cosmeda-cosmetics.de\/index.php\/wp-json\/wp\/v2\/pages\/29","targetHints":{"allow":["GET"]}}],"collection":[{"href":"https:\/\/cosmeda-cosmetics.de\/index.php\/wp-json\/wp\/v2\/pages"}],"about":[{"href":"https:\/\/cosmeda-cosmetics.de\/index.php\/wp-json\/wp\/v2\/types\/page"}],"author":[{"embeddable":true,"href":"https:\/\/cosmeda-cosmetics.de\/index.php\/wp-json\/wp\/v2\/users\/1"}],"replies":[{"embeddable":true,"href":"https:\/\/cosmeda-cosmetics.de\/index.php\/wp-json\/wp\/v2\/comments?post=29"}],"version-history":[{"count":10,"href":"https:\/\/cosmeda-cosmetics.de\/index.php\/wp-json\/wp\/v2\/pages\/29\/revisions"}],"predecessor-version":[{"id":755,"href":"https:\/\/cosmeda-cosmetics.de\/index.php\/wp-json\/wp\/v2\/pages\/29\/revisions\/755"}],"wp:attachment":[{"href":"https:\/\/cosmeda-cosmetics.de\/index.php\/wp-json\/wp\/v2\/media?parent=29"}],"curies":[{"name":"wp","href":"https:\/\/api.w.org\/{rel}","templated":true}]}}