{"id":32,"date":"2023-07-25T05:26:20","date_gmt":"2023-07-25T05:26:20","guid":{"rendered":"https:\/\/kosmetikpraxis-rinteln.de\/?page_id=32"},"modified":"2023-10-29T20:21:21","modified_gmt":"2023-10-29T20:21:21","slug":"fusspflege","status":"publish","type":"page","link":"https:\/\/cosmeda-cosmetics.de\/index.php\/fusspflege\/","title":{"rendered":"FUSSPFLEGE"},"content":{"rendered":"<p>[et_pb_section fb_built=&#8221;1&#8243; fullwidth=&#8221;on&#8221; _builder_version=&#8221;4.19.4&#8243; _module_preset=&#8221;default&#8221; global_colors_info=&#8221;{}&#8221;][et_pb_fullwidth_slider _builder_version=&#8221;4.21.0&#8243; _module_preset=&#8221;default&#8221; global_colors_info=&#8221;{}&#8221;][et_pb_slide heading=&#8221;MED. FUSSPFLEGE&#8221; use_text_overlay=&#8221;on&#8221; text_overlay_color=&#8221;rgba(247,247,248,0.8)&#8221; _builder_version=&#8221;4.21.0&#8243; _module_preset=&#8221;default&#8221; header_font=&#8221;Lato|700||on|||||&#8221; header_text_color=&#8221;#000000&#8243; header_font_size=&#8221;34px&#8221; header_letter_spacing=&#8221;2px&#8221; header_line_height=&#8221;1.2em&#8221; background_enable_color=&#8221;off&#8221; background_image=&#8221;https:\/\/cosmeda-cosmetics.de\/wp-content\/uploads\/2023\/07\/Blue-Modern-Insurance-Instagram-Post-700-\u00d7-700px-600-\u00d7-500px-500-\u00d7-500px-1100-\u00d7-800px-550-\u00d7-550px-500-\u00d7-500px-1500-\u00d7-700px-1.jpg&#8221; background_enable_image=&#8221;on&#8221; header_font_size_tablet=&#8221;34px&#8221; header_font_size_phone=&#8221;22px&#8221; header_font_size_last_edited=&#8221;on|phone&#8221; global_colors_info=&#8221;{}&#8221; sticky_transition=&#8221;on&#8221;][\/et_pb_slide][\/et_pb_fullwidth_slider][\/et_pb_section][et_pb_section fb_built=&#8221;1&#8243; admin_label=&#8221;About&#8221; _builder_version=&#8221;4.19.4&#8243; _module_preset=&#8221;default&#8221; background_color=&#8221;#f7f7f8&#8243; overflow-x=&#8221;hidden&#8221; overflow-y=&#8221;hidden&#8221; custom_padding=&#8221;61px||130px|||&#8221; locked=&#8221;off&#8221; global_colors_info=&#8221;{}&#8221;][et_pb_row column_structure=&#8221;1_2,1_2&#8243; _builder_version=&#8221;4.19.4&#8243; _module_preset=&#8221;default&#8221; width=&#8221;87%&#8221; max_width=&#8221;1410px&#8221; global_colors_info=&#8221;{}&#8221;][et_pb_column type=&#8221;1_2&#8243; _builder_version=&#8221;4.16&#8243; _module_preset=&#8221;default&#8221; global_colors_info=&#8221;{}&#8221;][et_pb_text _builder_version=&#8221;4.21.0&#8243; _module_preset=&#8221;default&#8221; header_font=&#8221;Lato|600||on|||||&#8221; header_text_color=&#8221;#dfc083&#8243; header_font_size=&#8221;36px&#8221; header_letter_spacing=&#8221;1px&#8221; header_line_height=&#8221;1.5em&#8221; header_3_font=&#8221;Lato||||||||&#8221; header_font_size_tablet=&#8221;40px&#8221; header_font_size_phone=&#8221;24px&#8221; header_font_size_last_edited=&#8221;on|phone&#8221; locked=&#8221;off&#8221; global_colors_info=&#8221;{}&#8221; header_2_2_font_size_tablet=&#8221;34px&#8221; header_3_2_font_size_tablet=&#8221;34px&#8221; header_4_2_font_size_tablet=&#8221;34px&#8221; header_5_2_font_size_tablet=&#8221;34px&#8221; header_6_2_font_size_tablet=&#8221;34px&#8221; header_2_2_font_size_phone=&#8221;22px&#8221; header_3_2_font_size_phone=&#8221;22px&#8221; header_4_2_font_size_phone=&#8221;22px&#8221; header_5_2_font_size_phone=&#8221;22px&#8221; header_6_2_font_size_phone=&#8221;22px&#8221; header_2_2_font_size_last_edited=&#8221;on|phone&#8221; header_3_2_font_size_last_edited=&#8221;on|phone&#8221; header_4_2_font_size_last_edited=&#8221;on|phone&#8221; header_5_2_font_size_last_edited=&#8221;on|phone&#8221; header_6_2_font_size_last_edited=&#8221;on|phone&#8221;]<\/p>\n<h1>FUSSPFLEGE<\/h1>\n<p>[\/et_pb_text][et_pb_text _builder_version=&#8221;4.21.0&#8243; _module_preset=&#8221;default&#8221; text_font=&#8221;Montserrat|600|||||||&#8221; text_text_color=&#8221;#000000&#8243; text_font_size=&#8221;19px&#8221; text_line_height=&#8221;2.1em&#8221; ul_font_size=&#8221;17px&#8221; ul_letter_spacing=&#8221;1px&#8221; ul_line_height=&#8221;2.5em&#8221; header_font=&#8221;Montserrat||||||||&#8221; header_font_size=&#8221;25px&#8221; header_line_height=&#8221;2.1em&#8221; header_2_font=&#8221;Montserrat||||||||&#8221; header_2_text_color=&#8221;#545454&#8243; header_2_font_size=&#8221;14px&#8221; header_2_line_height=&#8221;1.4em&#8221; custom_margin=&#8221;-10px||13px|||&#8221; text_font_size_tablet=&#8221;18px&#8221; text_font_size_phone=&#8221;15px&#8221; text_font_size_last_edited=&#8221;on|desktop&#8221; header_font_size_tablet=&#8221;25px&#8221; header_font_size_phone=&#8221;23px&#8221; header_font_size_last_edited=&#8221;on|phone&#8221; text_orientation_tablet=&#8221;justified&#8221; text_orientation_phone=&#8221;left&#8221; text_orientation_last_edited=&#8221;on|phone&#8221; locked=&#8221;off&#8221; global_colors_info=&#8221;{}&#8221;]<\/p>\n<div class=\"elementor-element elementor-element-33db2c6 elementor-widget elementor-widget-aux_icon_list\" data-id=\"33db2c6\" data-element_type=\"widget\" data-widget_type=\"aux_icon_list.default\">\n<div class=\"elementor-widget-container\">\n<section class=\"widget-container aux-widget-icon-list aux-parent-auab1dfe51\">\n<div class=\"widget-inner\">\n<div class=\"aux-widget-icon-list-inner\">\n<div class=\"elementor-element elementor-element-33db2c6 elementor-widget elementor-widget-aux_icon_list\" data-id=\"33db2c6\" data-element_type=\"widget\" data-widget_type=\"aux_icon_list.default\">\n<div class=\"elementor-widget-container\">\n<section class=\"widget-container aux-widget-icon-list aux-parent-auab1dfe51\">\n<div class=\"widget-inner\">\n<div class=\"aux-widget-icon-list-inner\">\n<p>KLASSISCHE FUSSPFLEGE MIT:<\/p>\n<p><span class=\"aux-icon-list-text\"><\/span><\/p>\n<h2><span class=\"aux-icon-list-text\">AROMABAD UND ANSCHLIESSENDER FUSSAKTIVIERUNGSMASSAGE<\/span><\/h2>\n<h1><span class=\"aux-list-connector\"><\/span><span style=\"color: #dfc083;\"><strong><span class=\"aux-icon-list-text2\">35\u20ac<\/span><\/strong><\/span><\/h1>\n<\/div>\n<\/div>\n<\/section>\n<\/div>\n<\/div>\n<\/div>\n<\/div>\n<\/section>\n<\/div>\n<\/div>\n<p>[\/et_pb_text][et_pb_text _builder_version=&#8221;4.21.0&#8243; _module_preset=&#8221;default&#8221; text_font=&#8221;Montserrat|600|||||||&#8221; text_text_color=&#8221;#000000&#8243; text_font_size=&#8221;19px&#8221; text_line_height=&#8221;2.1em&#8221; ul_font_size=&#8221;17px&#8221; ul_letter_spacing=&#8221;1px&#8221; ul_line_height=&#8221;2.5em&#8221; header_font=&#8221;Montserrat||||||||&#8221; header_font_size=&#8221;25px&#8221; header_line_height=&#8221;2.1em&#8221; header_2_font=&#8221;Montserrat||||||||&#8221; header_2_text_color=&#8221;#545454&#8243; header_2_font_size=&#8221;14px&#8221; header_2_line_height=&#8221;1.4em&#8221; custom_margin=&#8221;-10px||13px|||&#8221; text_font_size_tablet=&#8221;18px&#8221; text_font_size_phone=&#8221;15px&#8221; text_font_size_last_edited=&#8221;on|desktop&#8221; header_font_size_tablet=&#8221;25px&#8221; header_font_size_phone=&#8221;23px&#8221; header_font_size_last_edited=&#8221;on|phone&#8221; text_orientation_tablet=&#8221;justified&#8221; text_orientation_phone=&#8221;left&#8221; text_orientation_last_edited=&#8221;on|phone&#8221; locked=&#8221;off&#8221; global_colors_info=&#8221;{}&#8221;]<\/p>\n<div class=\"elementor-element elementor-element-33db2c6 elementor-widget elementor-widget-aux_icon_list\" data-id=\"33db2c6\" data-element_type=\"widget\" data-widget_type=\"aux_icon_list.default\">\n<div class=\"elementor-widget-container\">\n<section class=\"widget-container aux-widget-icon-list aux-parent-auab1dfe51\">\n<div class=\"widget-inner\">\n<div class=\"aux-widget-icon-list-inner\">\n<div class=\"elementor-element elementor-element-33db2c6 elementor-widget elementor-widget-aux_icon_list\" data-id=\"33db2c6\" data-element_type=\"widget\" data-widget_type=\"aux_icon_list.default\">\n<div class=\"elementor-widget-container\">\n<section class=\"widget-container aux-widget-icon-list aux-parent-auab1dfe51\">\n<div class=\"widget-inner\">\n<div class=\"aux-widget-icon-list-inner\">\n<p>FUSSREFLEXZONENMASSAGE<\/p>\n<p><span class=\"aux-icon-list-text\"><\/span><\/p>\n<h2><span class=\"aux-icon-list-text\">AROMABAD UND ANSCHLIESSENDER FUSSAKTIVIERUNGSMASSAGE<\/span><\/h2>\n<h1><span class=\"aux-list-connector\"><\/span><span style=\"color: #dfc083;\"><strong><span class=\"aux-icon-list-text2\">35\u20ac<\/span><\/strong><\/span><\/h1>\n<\/div>\n<\/div>\n<\/section>\n<\/div>\n<\/div>\n<\/div>\n<\/div>\n<\/section>\n<\/div>\n<\/div>\n<p>[\/et_pb_text][et_pb_text _builder_version=&#8221;4.21.0&#8243; _module_preset=&#8221;default&#8221; text_font=&#8221;Montserrat|600|||||||&#8221; text_text_color=&#8221;#000000&#8243; text_font_size=&#8221;19px&#8221; text_line_height=&#8221;2.1em&#8221; ul_font_size=&#8221;17px&#8221; ul_letter_spacing=&#8221;1px&#8221; ul_line_height=&#8221;2.5em&#8221; header_font=&#8221;Montserrat||||||||&#8221; header_font_size=&#8221;25px&#8221; header_line_height=&#8221;2.1em&#8221; header_2_font=&#8221;Montserrat||||||||&#8221; header_2_text_color=&#8221;#545454&#8243; header_2_font_size=&#8221;14px&#8221; header_2_line_height=&#8221;1.4em&#8221; custom_margin=&#8221;-10px||13px|||&#8221; text_font_size_tablet=&#8221;18px&#8221; text_font_size_phone=&#8221;15px&#8221; text_font_size_last_edited=&#8221;on|desktop&#8221; header_font_size_tablet=&#8221;25px&#8221; header_font_size_phone=&#8221;23px&#8221; header_font_size_last_edited=&#8221;on|phone&#8221; text_orientation_tablet=&#8221;justified&#8221; text_orientation_phone=&#8221;left&#8221; text_orientation_last_edited=&#8221;on|phone&#8221; locked=&#8221;off&#8221; global_colors_info=&#8221;{}&#8221;]<\/p>\n<div class=\"elementor-element elementor-element-33db2c6 elementor-widget elementor-widget-aux_icon_list\" data-id=\"33db2c6\" data-element_type=\"widget\" data-widget_type=\"aux_icon_list.default\">\n<div class=\"elementor-widget-container\">\n<section class=\"widget-container aux-widget-icon-list aux-parent-auab1dfe51\">\n<div class=\"widget-inner\">\n<div class=\"aux-widget-icon-list-inner\">\n<div class=\"elementor-element elementor-element-33db2c6 elementor-widget elementor-widget-aux_icon_list\" data-id=\"33db2c6\" data-element_type=\"widget\" data-widget_type=\"aux_icon_list.default\">\n<div class=\"elementor-widget-container\">\n<section class=\"widget-container aux-widget-icon-list aux-parent-auab1dfe51\">\n<div class=\"widget-inner\">\n<div class=\"aux-widget-icon-list-inner\">\n<p><span class=\"aux-icon-list-text\">KLASSISCHE MANIK\u00dcRE<\/span><\/p>\n<h1><span class=\"aux-list-connector\"><\/span><span style=\"color: #dfc083;\"><strong><span class=\"aux-icon-list-text2\">29.50\u20ac<\/span><\/strong><\/span><\/h1>\n<\/div>\n<\/div>\n<\/section>\n<\/div>\n<\/div>\n<\/div>\n<\/div>\n<\/section>\n<\/div>\n<\/div>\n<p>[\/et_pb_text][et_pb_text _builder_version=&#8221;4.21.0&#8243; _module_preset=&#8221;default&#8221; text_font=&#8221;Montserrat|600|||||||&#8221; text_text_color=&#8221;#000000&#8243; text_font_size=&#8221;19px&#8221; text_line_height=&#8221;2.1em&#8221; ul_font_size=&#8221;17px&#8221; ul_letter_spacing=&#8221;1px&#8221; ul_line_height=&#8221;2.5em&#8221; header_font=&#8221;Montserrat||||||||&#8221; header_font_size=&#8221;25px&#8221; header_line_height=&#8221;2.1em&#8221; header_2_font=&#8221;Montserrat||||||||&#8221; header_2_text_color=&#8221;#545454&#8243; header_2_font_size=&#8221;14px&#8221; header_2_line_height=&#8221;1.4em&#8221; custom_margin=&#8221;-10px||13px|||&#8221; text_font_size_tablet=&#8221;18px&#8221; text_font_size_phone=&#8221;15px&#8221; text_font_size_last_edited=&#8221;on|desktop&#8221; header_font_size_tablet=&#8221;25px&#8221; header_font_size_phone=&#8221;23px&#8221; header_font_size_last_edited=&#8221;on|phone&#8221; text_orientation_tablet=&#8221;justified&#8221; text_orientation_phone=&#8221;left&#8221; text_orientation_last_edited=&#8221;on|phone&#8221; locked=&#8221;off&#8221; global_colors_info=&#8221;{}&#8221;]<\/p>\n<div class=\"elementor-element elementor-element-33db2c6 elementor-widget elementor-widget-aux_icon_list\" data-id=\"33db2c6\" data-element_type=\"widget\" data-widget_type=\"aux_icon_list.default\">\n<div class=\"elementor-widget-container\">\n<section class=\"widget-container aux-widget-icon-list aux-parent-auab1dfe51\">\n<div class=\"widget-inner\">\n<div class=\"aux-widget-icon-list-inner\">\n<div class=\"elementor-element elementor-element-33db2c6 elementor-widget elementor-widget-aux_icon_list\" data-id=\"33db2c6\" data-element_type=\"widget\" data-widget_type=\"aux_icon_list.default\">\n<div class=\"elementor-widget-container\">\n<section class=\"widget-container aux-widget-icon-list aux-parent-auab1dfe51\">\n<div class=\"widget-inner\">\n<div class=\"aux-widget-icon-list-inner\">\n<p>N\u00c4GEL LACKIEREN<\/p>\n<p><span class=\"aux-icon-list-text\"><\/span><\/p>\n<h2><span class=\"aux-icon-list-text\">AROMABAD UND ANSCHLIESSENDER FUSSAKTIVIERUNGSMASSAGE<\/span><\/h2>\n<h1><span class=\"aux-list-connector\"><\/span><span style=\"color: #dfc083;\"><strong><span class=\"aux-icon-list-text2\">35\u20ac<\/span><\/strong><\/span><\/h1>\n<\/div>\n<\/div>\n<\/section>\n<\/div>\n<\/div>\n<\/div>\n<\/div>\n<\/section>\n<\/div>\n<\/div>\n<p>[\/et_pb_text][et_pb_text _builder_version=&#8221;4.21.0&#8243; _module_preset=&#8221;default&#8221; text_font=&#8221;Montserrat|600|||||||&#8221; text_text_color=&#8221;#000000&#8243; text_font_size=&#8221;19px&#8221; text_line_height=&#8221;2.1em&#8221; ul_font_size=&#8221;17px&#8221; ul_letter_spacing=&#8221;1px&#8221; ul_line_height=&#8221;2.5em&#8221; header_font=&#8221;Montserrat||||||||&#8221; header_font_size=&#8221;25px&#8221; header_line_height=&#8221;2.1em&#8221; header_2_font=&#8221;Montserrat||||||||&#8221; header_2_text_color=&#8221;#545454&#8243; header_2_font_size=&#8221;14px&#8221; header_2_line_height=&#8221;1.4em&#8221; custom_margin=&#8221;-10px||13px|||&#8221; text_font_size_tablet=&#8221;18px&#8221; text_font_size_phone=&#8221;15px&#8221; text_font_size_last_edited=&#8221;on|desktop&#8221; header_font_size_tablet=&#8221;25px&#8221; header_font_size_phone=&#8221;23px&#8221; header_font_size_last_edited=&#8221;on|phone&#8221; text_orientation_tablet=&#8221;justified&#8221; text_orientation_phone=&#8221;left&#8221; text_orientation_last_edited=&#8221;on|phone&#8221; locked=&#8221;off&#8221; global_colors_info=&#8221;{}&#8221;]<\/p>\n<div class=\"elementor-element elementor-element-33db2c6 elementor-widget elementor-widget-aux_icon_list\" data-id=\"33db2c6\" data-element_type=\"widget\" data-widget_type=\"aux_icon_list.default\">\n<div class=\"elementor-widget-container\">\n<section class=\"widget-container aux-widget-icon-list aux-parent-auab1dfe51\">\n<div class=\"widget-inner\">\n<div class=\"aux-widget-icon-list-inner\">\n<div class=\"elementor-element elementor-element-33db2c6 elementor-widget elementor-widget-aux_icon_list\" data-id=\"33db2c6\" data-element_type=\"widget\" data-widget_type=\"aux_icon_list.default\">\n<div class=\"elementor-widget-container\">\n<section class=\"widget-container aux-widget-icon-list aux-parent-auab1dfe51\">\n<div class=\"widget-inner\">\n<div class=\"aux-widget-icon-list-inner\">\n<p><span class=\"aux-icon-list-text\">SCHRUNDENBEHANDLUNG<\/span><\/p>\n<h1><span class=\"aux-list-connector\"><\/span><span style=\"color: #dfc083;\"><strong><span class=\"aux-icon-list-text2\">35\u20ac<\/span><\/strong><\/span><\/h1>\n<\/div>\n<\/div>\n<\/section>\n<\/div>\n<\/div>\n<\/div>\n<\/div>\n<\/section>\n<\/div>\n<\/div>\n<p>[\/et_pb_text][et_pb_text _builder_version=&#8221;4.21.0&#8243; _module_preset=&#8221;default&#8221; text_font=&#8221;Montserrat|600|||||||&#8221; text_text_color=&#8221;#000000&#8243; text_font_size=&#8221;19px&#8221; text_line_height=&#8221;2.1em&#8221; ul_font_size=&#8221;17px&#8221; ul_letter_spacing=&#8221;1px&#8221; ul_line_height=&#8221;2.5em&#8221; header_font=&#8221;Montserrat||||||||&#8221; header_font_size=&#8221;25px&#8221; header_line_height=&#8221;2.1em&#8221; header_2_font=&#8221;Montserrat||||||||&#8221; header_2_text_color=&#8221;#545454&#8243; header_2_font_size=&#8221;14px&#8221; header_2_line_height=&#8221;1.4em&#8221; custom_margin=&#8221;-10px||13px|||&#8221; text_font_size_tablet=&#8221;18px&#8221; text_font_size_phone=&#8221;15px&#8221; text_font_size_last_edited=&#8221;on|desktop&#8221; header_font_size_tablet=&#8221;25px&#8221; header_font_size_phone=&#8221;23px&#8221; header_font_size_last_edited=&#8221;on|phone&#8221; text_orientation_tablet=&#8221;justified&#8221; text_orientation_phone=&#8221;left&#8221; text_orientation_last_edited=&#8221;on|phone&#8221; locked=&#8221;off&#8221; global_colors_info=&#8221;{}&#8221;]<\/p>\n<div class=\"elementor-element elementor-element-33db2c6 elementor-widget elementor-widget-aux_icon_list\" data-id=\"33db2c6\" data-element_type=\"widget\" data-widget_type=\"aux_icon_list.default\">\n<div class=\"elementor-widget-container\">\n<section class=\"widget-container aux-widget-icon-list aux-parent-auab1dfe51\">\n<div class=\"widget-inner\">\n<div class=\"aux-widget-icon-list-inner\">\n<div class=\"elementor-element elementor-element-33db2c6 elementor-widget elementor-widget-aux_icon_list\" data-id=\"33db2c6\" data-element_type=\"widget\" data-widget_type=\"aux_icon_list.default\">\n<div class=\"elementor-widget-container\">\n<section class=\"widget-container aux-widget-icon-list aux-parent-auab1dfe51\">\n<div class=\"widget-inner\">\n<div class=\"aux-widget-icon-list-inner\">\n<p><span class=\"aux-icon-list-text\">FRENSHPEDIK\u00dcRE\/SHELLAC<\/span><\/p>\n<h1><span class=\"aux-list-connector\"><\/span><span style=\"color: #dfc083;\"><strong><span class=\"aux-icon-list-text2\">35\u20ac<\/span><\/strong><\/span><\/h1>\n<\/div>\n<\/div>\n<\/section>\n<\/div>\n<\/div>\n<\/div>\n<\/div>\n<\/section>\n<\/div>\n<\/div>\n<p>[\/et_pb_text][et_pb_button button_url=&#8221;https:\/\/wa.me\/+491724466401&#8243; url_new_window=&#8221;on&#8221; button_text=&#8221;Jetzt Termin Buchen&#8221; _builder_version=&#8221;4.22.0&#8243; _module_preset=&#8221;default&#8221; custom_button=&#8221;on&#8221; button_text_size=&#8221;12px&#8221; button_text_color=&#8221;#000000&#8243; button_bg_color=&#8221;#dfc083&#8243; button_border_width=&#8221;0px&#8221; button_border_radius=&#8221;0px&#8221; button_letter_spacing=&#8221;2px&#8221; button_font=&#8221;Lato|700||on|||||&#8221; button_use_icon=&#8221;off&#8221; custom_padding=&#8221;20px|30px|20px|30px|true|true&#8221; global_colors_info=&#8221;{}&#8221;][\/et_pb_button][\/et_pb_column][et_pb_column type=&#8221;1_2&#8243; _builder_version=&#8221;4.16&#8243; _module_preset=&#8221;default&#8221; global_colors_info=&#8221;{}&#8221;][et_pb_image src=&#8221;https:\/\/cosmeda-cosmetics.de\/wp-content\/uploads\/2023\/07\/Kosmetik-Praxis-Rinteln-Fusspflege.png&#8221; title_text=&#8221;Blue Modern Insurance Instagram Post (700 \u00d7 700px) (600 \u00d7 500px) (500 \u00d7 500px) (1100 \u00d7 800px) (550 \u00d7 550px) (500 \u00d7 500px) (500 \u00d7 1000px) (1000 \u00d7 1300px)&#8221; _builder_version=&#8221;4.22.0&#8243; _module_preset=&#8221;default&#8221; global_colors_info=&#8221;{}&#8221;][\/et_pb_image][\/et_pb_column][\/et_pb_row][\/et_pb_section][et_pb_section fb_built=&#8221;1&#8243; _builder_version=&#8221;4.19.4&#8243; _module_preset=&#8221;default&#8221; custom_padding=&#8221;0px||5px|||&#8221; global_colors_info=&#8221;{}&#8221;][et_pb_row column_structure=&#8221;1_4,1_4,1_4,1_4&#8243; use_custom_gutter=&#8221;on&#8221; gutter_width=&#8221;1&#8243; _builder_version=&#8221;4.19.4&#8243; _module_preset=&#8221;default&#8221; width=&#8221;100%&#8221; max_width=&#8221;2543px&#8221; custom_margin=&#8221;|auto|-5px|auto||&#8221; custom_padding=&#8221;5px||3px|||&#8221; global_colors_info=&#8221;{}&#8221;][et_pb_column type=&#8221;1_4&#8243; _builder_version=&#8221;4.19.4&#8243; _module_preset=&#8221;default&#8221; global_colors_info=&#8221;{}&#8221;][et_pb_image src=&#8221;https:\/\/cosmeda-cosmetics.de\/wp-content\/uploads\/2023\/07\/Blue-Modern-Insurance-Instagram-Post-700-\u00d7-700px-600-\u00d7-500px-500-\u00d7-500px-1100-\u00d7-800px-550-\u00d7-550px-500-\u00d7-500px-6-1.jpg&#8221; title_text=&#8221;Blue Modern Insurance Instagram Post (700 \u00d7 700px) (600 \u00d7 500px) (500 \u00d7 500px) (1100 \u00d7 800px) (550 \u00d7 550px) (500 \u00d7 500px) (6)&#8221; _builder_version=&#8221;4.21.0&#8243; _module_preset=&#8221;default&#8221; global_colors_info=&#8221;{}&#8221;][\/et_pb_image][\/et_pb_column][et_pb_column type=&#8221;1_4&#8243; _builder_version=&#8221;4.19.4&#8243; _module_preset=&#8221;default&#8221; global_colors_info=&#8221;{}&#8221;][et_pb_image src=&#8221;https:\/\/cosmeda-cosmetics.de\/wp-content\/uploads\/2023\/07\/Blue-Modern-Insurance-Instagram-Post-700-\u00d7-700px-600-\u00d7-500px-500-\u00d7-500px-1100-\u00d7-800px-550-\u00d7-550px-500-\u00d7-500px-7.jpg&#8221; title_text=&#8221;Blue Modern Insurance Instagram Post (700 \u00d7 700px) (600 \u00d7 500px) (500 \u00d7 500px) (1100 \u00d7 800px) (550 \u00d7 550px) (500 \u00d7 500px) (7)&#8221; _builder_version=&#8221;4.21.0&#8243; _module_preset=&#8221;default&#8221; global_colors_info=&#8221;{}&#8221;][\/et_pb_image][\/et_pb_column][et_pb_column type=&#8221;1_4&#8243; _builder_version=&#8221;4.19.4&#8243; _module_preset=&#8221;default&#8221; global_colors_info=&#8221;{}&#8221;][et_pb_image src=&#8221;https:\/\/cosmeda-cosmetics.de\/wp-content\/uploads\/2023\/07\/Cosmeda-Nagelpflege-Fusspflege-Intensiv-Ausbildung.jpg&#8221; title_text=&#8221;Kosmetik Praxis&#8221; _builder_version=&#8221;4.22.0&#8243; _module_preset=&#8221;default&#8221; global_colors_info=&#8221;{}&#8221;][\/et_pb_image][\/et_pb_column][et_pb_column type=&#8221;1_4&#8243; _builder_version=&#8221;4.19.4&#8243; _module_preset=&#8221;default&#8221; global_colors_info=&#8221;{}&#8221;][et_pb_image src=&#8221;https:\/\/cosmeda-cosmetics.de\/wp-content\/uploads\/2023\/07\/Blue-Modern-Insurance-Instagram-Post-700-\u00d7-700px-600-\u00d7-500px-500-\u00d7-500px-1100-\u00d7-800px-550-\u00d7-550px-500-\u00d7-500px-10.jpg&#8221; title_text=&#8221;Blue Modern Insurance Instagram Post (700 \u00d7 700px) (600 \u00d7 500px) (500 \u00d7 500px) (1100 \u00d7 800px) (550 \u00d7 550px) (500 \u00d7 500px) (10)&#8221; _builder_version=&#8221;4.22.0&#8243; _module_preset=&#8221;default&#8221; filter_saturate=&#8221;86%&#8221; filter_brightness=&#8221;106%&#8221; global_colors_info=&#8221;{}&#8221;][\/et_pb_image][\/et_pb_column][\/et_pb_row][\/et_pb_section]<\/p>\n","protected":false},"excerpt":{"rendered":"<p>FUSSPFLEGE KLASSISCHE FUSSPFLEGE MIT: AROMABAD UND ANSCHLIESSENDER FUSSAKTIVIERUNGSMASSAGE 35\u20ac FUSSREFLEXZONENMASSAGE AROMABAD UND ANSCHLIESSENDER FUSSAKTIVIERUNGSMASSAGE 35\u20ac KLASSISCHE MANIK\u00dcRE 29.50\u20ac N\u00c4GEL LACKIEREN AROMABAD UND ANSCHLIESSENDER FUSSAKTIVIERUNGSMASSAGE 35\u20ac SCHRUNDENBEHANDLUNG 35\u20ac FRENSHPEDIK\u00dcRE\/SHELLAC 35\u20ac<\/p>\n","protected":false},"author":1,"featured_media":0,"parent":0,"menu_order":0,"comment_status":"closed","ping_status":"closed","template":"","meta":{"_et_pb_use_builder":"on","_et_pb_old_content":"","_et_gb_content_width":"","footnotes":""},"class_list":["post-32","page","type-page","status-publish","hentry"],"_links":{"self":[{"href":"https:\/\/cosmeda-cosmetics.de\/index.php\/wp-json\/wp\/v2\/pages\/32","targetHints":{"allow":["GET"]}}],"collection":[{"href":"https:\/\/cosmeda-cosmetics.de\/index.php\/wp-json\/wp\/v2\/pages"}],"about":[{"href":"https:\/\/cosmeda-cosmetics.de\/index.php\/wp-json\/wp\/v2\/types\/page"}],"author":[{"embeddable":true,"href":"https:\/\/cosmeda-cosmetics.de\/index.php\/wp-json\/wp\/v2\/users\/1"}],"replies":[{"embeddable":true,"href":"https:\/\/cosmeda-cosmetics.de\/index.php\/wp-json\/wp\/v2\/comments?post=32"}],"version-history":[{"count":10,"href":"https:\/\/cosmeda-cosmetics.de\/index.php\/wp-json\/wp\/v2\/pages\/32\/revisions"}],"predecessor-version":[{"id":778,"href":"https:\/\/cosmeda-cosmetics.de\/index.php\/wp-json\/wp\/v2\/pages\/32\/revisions\/778"}],"wp:attachment":[{"href":"https:\/\/cosmeda-cosmetics.de\/index.php\/wp-json\/wp\/v2\/media?parent=32"}],"curies":[{"name":"wp","href":"https:\/\/api.w.org\/{rel}","templated":true}]}}